{"id":621,"date":"2020-11-05T10:54:37","date_gmt":"2020-11-05T10:54:37","guid":{"rendered":"https:\/\/schnupperer.kufnet.at\/?page_id=621"},"modified":"2025-05-20T04:33:12","modified_gmt":"2025-05-20T04:33:12","slug":"modul-kundensupport-vor-ort","status":"publish","type":"page","link":"https:\/\/schnupperer.kufnet.at\/index.php\/modul-kundensupport-vor-ort\/","title":{"rendered":"Modul Kundensupport vor Ort"},"content":{"rendered":"<div class=\"brz-root__container brz-reset-all\">\n<section data-uid=\"eikldeqzyaqevxvcibbgbzopzjnnlzcmhsgt\" id=\"eikldeqzyaqevxvcibbgbzopzjnnlzcmhsgt\" class=\"brz-section brz-css-joydn\">\n<div class=\"brz-section__content brz-section--boxed brz-css-hwgem brz-css-lhumh\" data-custom-id=\"yaqapefznflihwqamcfhrdlsjtjbrmizskwa\">\n<div class=\"brz-bg\">\n<div class=\"brz-bg-image\"><\/div>\n<\/div>\n<div class=\"brz-container brz-css-wibwg brz-css-mleki\">\n<div class=\"brz-css-bdxnm brz-wrapper\">\n<div class=\"brz-rich-text brz-css-tmusv\" data-custom-id=\"mjrlocajiqufnwrlfnqftpmycedripnaoxds\">\n<h2 class=\"brz-tp-heading2 brz-text-lg-center\"><span>Au\u00dfendienst Modul<\/span><\/h2>\n<\/div>\n<\/div>\n<div class=\"brz-css-bdxnm brz-css-pxejw brz-wrapper\">\n<div class=\"brz-rich-text brz-css-tmusv\" data-custom-id=\"xginmxmhqptrqobtfuyfopudlnyraqdxcwlt\">\n<p class=\"brz-tp-subtitle brz-text-lg-center\"><span style=\"opacity: 1\">FREUNDLICH EHRLICH HILFSBEREIT <\/span><\/p>\n<\/div>\n<\/div>\n<div class=\"brz-css-bdxnm brz-css-zwnqr brz-css-ndhas brz-wrapper\">\n<div class=\"brz-spacer brz-css-dbslg brz-css-oxmvq\"><\/div>\n<\/div>\n<\/div>\n<\/div>\n<\/section>\n<section data-uid=\"esmbkhgfdgezfdmkwdzuzwqyyvrbesginkod\" id=\"esmbkhgfdgezfdmkwdzuzwqyyvrbesginkod\" class=\"brz-section brz-css-joydn\">\n<div class=\"brz-section__content brz-section--fullWidth brz-css-hwgem brz-css-dxsga\" data-custom-id=\"csesnxysdiyiukpacorqtcdeeudctlqeczxw\">\n<div class=\"brz-container brz-css-wibwg brz-css-ldgii\">\n<div class=\"brz-row__container brz-css-gkekc brz-css-zayrj\" data-custom-id=\"tgsrdbyjxvgyzzonktbdsushqsfgeptkwjzg\">\n<div class=\"brz-row brz-css-lmsfk brz-css-cxfwp\">\n<div class=\"brz-columns brz-css-yhayu brz-css-vbmgx\" data-custom-id=\"ydazxpqscpaothckwyqsqbpmwquoztxzkeca\">\n<div class=\"brz-column__items brz-css-zoeqi brz-css-pvnub\">\n<div class=\"brz-css-bdxnm brz-wrapper\">\n<div class=\"brz-rich-text brz-css-tmusv\" data-custom-id=\"doxlosekubccrzphfbjrmeynqkttajcswzdl\">\n<h2 class=\"brz-tp-heading2\"><span class=\"brz-cp-color2\">Deine Einteilung im Au\u00dfendienst<\/span><\/h2>\n<\/div>\n<\/div>\n<div class=\"brz-css-bdxnm brz-css-qltfu brz-wrapper\">\n<div class=\"brz-rich-text brz-css-tmusv\" data-custom-id=\"ymiocfuvsvlhfatkntyfmwitlxhjzyqogakl\">\n<p class=\"brz-tp-subtitle\"><span class=\"brz-cp-color7\">Bitte melde dich beim Zust\u00e4ndigen Kollegen zur genannten Uhrzeit<\/span><\/p>\n<\/div>\n<\/div>\n<div class=\"brz-css-bdxnm brz-css-zwnqr brz-wrapper\">\n<div class=\"brz-spacer brz-css-dbslg brz-css-yfdwq\"><\/div>\n<\/div>\n<div class=\"brz-css-bdxnm brz-wrapper\">\n<div class=\"brz-icon-text brz-css-niglw\" data-custom-id=\"muzsvnolxcivvvhjjddjxlfqnvuaocfixhlr\">\n<div class=\"brz-icon__container\" data-custom-id=\"gvukxuuwndzgogshwgdiclkjgcbceipqtnln\"><span class=\"brz-span brz-icon css-v1nlwz\"><\/span><\/div>\n<div class=\"brz-text-btn\">\n<div class=\"brz-rich-text brz-css-tmusv\" data-custom-id=\"mmzpjumqnewntqjvtbnitqzykjdnuvxtdgez\">\n<h6 class=\"brz-mt-lg-14 brz-tp-heading6\"><span class=\"brz-cp-color2\">Montag von <\/span><strong class=\"brz-cp-color2\">9:00<\/strong><span class=\"brz-cp-color2\"> &#8211; 12:00 und von 13:00 &#8211; 16:00 <\/span><\/h6>\n<\/div>\n<\/div>\n<\/div>\n<\/div>\n<div class=\"brz-css-bdxnm brz-wrapper\">\n<div class=\"brz-icon-text brz-css-niglw\" data-custom-id=\"lmrzgccbrmmpwoliepwarowmlppiolarujvh\">\n<div class=\"brz-icon__container\" data-custom-id=\"ctkfcyssyctsarbbxmpkgkhvcneuksearyno\"><span class=\"brz-span brz-icon css-v1nlwz\"><\/span><\/div>\n<div class=\"brz-text-btn\">\n<div class=\"brz-rich-text brz-css-tmusv\" data-custom-id=\"muhwfgpusicieixhxtfhsnpiorbikbfqnvpq\">\n<h6 class=\"brz-mt-lg-14 brz-tp-heading6\"><span class=\"brz-cp-color2\">Mittwoch von 13:00 &#8211; 16:00 <\/span><\/h6>\n<\/div>\n<\/div>\n<\/div>\n<\/div>\n<div class=\"brz-wrapper-clone brz-css-yaljb\">\n<div class=\"brz-d-xs-flex brz-flex-xs-wrap brz-css-bzhag\">\n<div class=\"brz-wrapper-clone__item brz-css-eaqay\" id=\"uysvvewlnntymlbshrsgsxgraijvqbbacija\"><a class=\"brz-a brz-btn brz-css-ygyqh brz-css-yiftc\" href=\"{@brizy_SITE_URL_PLACEHOLDER@}\" data-brz-link-type=\"external\" data-custom-id=\"uysvvewlnntymlbshrsgsxgraijvqbbacija\"><span class=\"brz-span brz-text__editor\">Zur\u00fcck zur Startseite<\/span><\/a><\/div>\n<\/div>\n<\/div>\n<\/div>\n<\/div>\n<div class=\"brz-columns brz-css-yhayu\" data-custom-id=\"hshkuwrhbciqnbjqtyvukfxzeoxjcvfieytn\">\n<div class=\"brz-column__items brz-css-zoeqi\">\n<div class=\"brz-css-bdxnm brz-wrapper\">\n<div class=\"brz-image brz-css-ipafj\"><img decoding=\"async\" class=\"brz-img brz-p-absolute\" src=\"{@brizy_SITE_URL_PLACEHOLDER@}\/?brizy_media=wp-fe8902d74ce8df44e5a1bceeb839f76c.jpg&amp;brizy_crop=iW%3D1051%26iH%3D701%26oX%3D60%26oY%3D0%26cW%3D930%26cH%3D701&amp;brizy_post=621\" alt=\"{{ brizy_dc_image_alt uid='wp-fe8902d74ce8df44e5a1bceeb839f76c.jpg' }}\" loading=\"lazy\"><\/div>\n<\/div>\n<\/div>\n<\/div>\n<\/div>\n<\/div>\n<\/div>\n<\/div>\n<\/section>\n<\/div>\n<p><!-- version:1605553511 --><\/p>\n","protected":false},"excerpt":{"rendered":"<p>Au\u00dfendienst Modul FREUNDLICH EHRLICH HILFSBEREIT Deine Einteilung im Au\u00dfendienst Bitte melde dich beim Zust\u00e4ndigen Kollegen zur genannten Uhrzeit Montag von 9:00 &#8211; 12:00 und von 13:00 &#8211; 16:00 Mittwoch von 13:00 &#8211; 16:00 Zur\u00fcck zur Startseite<\/p>\n","protected":false},"author":1,"featured_media":0,"parent":0,"menu_order":0,"comment_status":"closed","ping_status":"closed","template":"brizy-blank-template.php","meta":{"footnotes":""},"class_list":["post-621","page","type-page","status-publish","hentry"],"_links":{"self":[{"href":"https:\/\/schnupperer.kufnet.at\/index.php\/wp-json\/wp\/v2\/pages\/621","targetHints":{"allow":["GET"]}}],"collection":[{"href":"https:\/\/schnupperer.kufnet.at\/index.php\/wp-json\/wp\/v2\/pages"}],"about":[{"href":"https:\/\/schnupperer.kufnet.at\/index.php\/wp-json\/wp\/v2\/types\/page"}],"author":[{"embeddable":true,"href":"https:\/\/schnupperer.kufnet.at\/index.php\/wp-json\/wp\/v2\/users\/1"}],"replies":[{"embeddable":true,"href":"https:\/\/schnupperer.kufnet.at\/index.php\/wp-json\/wp\/v2\/comments?post=621"}],"version-history":[{"count":26,"href":"https:\/\/schnupperer.kufnet.at\/index.php\/wp-json\/wp\/v2\/pages\/621\/revisions"}],"predecessor-version":[{"id":1526,"href":"https:\/\/schnupperer.kufnet.at\/index.php\/wp-json\/wp\/v2\/pages\/621\/revisions\/1526"}],"wp:attachment":[{"href":"https:\/\/schnupperer.kufnet.at\/index.php\/wp-json\/wp\/v2\/media?parent=621"}],"curies":[{"name":"wp","href":"https:\/\/api.w.org\/{rel}","templated":true}]}}