{"id":649,"date":"2020-11-05T12:49:00","date_gmt":"2020-11-05T12:49:00","guid":{"rendered":"https:\/\/schnupperer.kufnet.at\/?page_id=649"},"modified":"2025-05-20T04:33:48","modified_gmt":"2025-05-20T04:33:48","slug":"innendienst","status":"publish","type":"page","link":"https:\/\/schnupperer.kufnet.at\/index.php\/innendienst\/","title":{"rendered":"Innendienst"},"content":{"rendered":"<div class=\"brz-root__container brz-reset-all\">\n<section data-uid=\"ltbwerqxejzbxkfgyokwvikotbodtwhqxbao\" id=\"ltbwerqxejzbxkfgyokwvikotbodtwhqxbao\" class=\"brz-section brz-css-otomk\">\n<div class=\"brz-section__content brz-section--boxed brz-css-cmfof brz-css-cabht\" data-custom-id=\"fkxfrdkuimjmhjvojahbvqbpggpsibfkzmae\">\n<div class=\"brz-bg\">\n<div class=\"brz-bg-image\"><\/div>\n<div class=\"brz-bg-color\"><\/div>\n<\/div>\n<div class=\"brz-container brz-css-lulmk\">\n<div class=\"brz-row__container brz-css-gjcuh\" data-custom-id=\"yoeustfslwmrdxqhkxrhzhsjgdyxahmpxlnf\">\n<div class=\"brz-row brz-css-foihb brz-css-fojss\">\n<div class=\"brz-columns brz-css-nbqor brz-css-bszjj\" data-custom-id=\"aipmzsmcxirktathzycyfdjuuhaxohjbpafp\">\n<div class=\"brz-column__items brz-css-kmoxf brz-css-kucgo\">\n<div class=\"brz-css-ebtze brz-wrapper\">\n<div class=\"brz-rich-text brz-css-fntdf\" data-custom-id=\"wuxgbesepqcjgsxehuryxzgksgygyjkfuscx\">\n<p class=\"brz-tp-abovetitle\"><span>GL\u00dcCKLICHE KUNDEN<\/span><\/p>\n<\/div>\n<\/div>\n<div class=\"brz-css-ebtze brz-css-usjne brz-wrapper\">\n<div class=\"brz-rich-text brz-css-fntdf\" data-custom-id=\"hncgogjshbuflvhweqwkgyoytccgetyiupyc\">\n<h1 class=\"brz-fs-xs-63 brz-fw-xs-im-700 brz-fw-sm-im-700 brz-fw-lg-700 brz-ff-overpass brz-ls-xs-im-m_1 brz-ls-sm-im-m_1 brz-ls-lg-m_1_5 brz-fs-sm-im-69 brz-fs-lg-75 brz-lh-xs-im-1_3 brz-lh-sm-im-1_3 brz-lh-lg-1_3\"><span>Innendienst Modul<\/span><\/h1>\n<\/div>\n<\/div>\n<\/div>\n<\/div>\n<\/div>\n<\/div>\n<div class=\"brz-css-ebtze brz-css-xoucm brz-wrapper\">\n<div class=\"brz-spacer brz-css-whcln brz-css-dwmjc\"><\/div>\n<\/div>\n<div class=\"brz-row__container brz-css-gjcuh\" data-custom-id=\"lsnqzadrbtoygrykgttdmthovrzebsxjdlxe\">\n<div class=\"brz-row brz-css-foihb brz-css-fojss\">\n<div class=\"brz-columns brz-css-nbqor brz-css-noevb\" data-custom-id=\"xdrddpsbyrtfxghrvfggeaofaabzfanunztg\">\n<div class=\"brz-column__items brz-css-kmoxf\">\n<div class=\"brz-css-ebtze brz-css-xoucm brz-css-fnpra brz-wrapper\">\n<div class=\"brz-spacer brz-css-whcln brz-css-iyefq\"><\/div>\n<\/div>\n<\/div>\n<\/div>\n<div class=\"brz-columns brz-css-nbqor brz-css-dwazr\" data-custom-id=\"otnyzylpueqddfhjrncvpypklgaaiehecutf\">\n<div class=\"brz-column__items brz-css-kmoxf brz-css-hmhuq\"><\/div>\n<\/div>\n<div class=\"brz-columns brz-css-nbqor brz-css-ratez\" data-custom-id=\"ljqajbvgzoxnroydnrqobokxpyjmntppmito\">\n<div class=\"brz-column__items brz-css-kmoxf brz-css-tfasn\"><\/div>\n<\/div>\n<div class=\"brz-columns brz-css-nbqor brz-css-orrwj\" data-custom-id=\"nqriilzwbayqkdcmwlycctqhfdyvnfdsyzcs\">\n<div class=\"brz-column__items brz-css-kmoxf brz-css-hevoh\"><\/div>\n<\/div>\n<\/div>\n<\/div>\n<\/div>\n<\/div>\n<\/section>\n<section data-uid=\"gfdfddujgfmvybfkotcvxrfwepmdxdnlqgmt\" id=\"gfdfddujgfmvybfkotcvxrfwepmdxdnlqgmt\" class=\"brz-section brz-css-otomk\">\n<div class=\"brz-section__content brz-section--boxed brz-css-cmfof brz-css-hybwv\" data-custom-id=\"acjdjagygrucirnqwyddrbxgcmhdoatyybdx\">\n<div class=\"brz-bg\">\n<div class=\"brz-bg-image\"><\/div>\n<\/div>\n<div class=\"brz-container brz-css-lulmk\">\n<div class=\"brz-wrapper-clone brz-css-ukepz\">\n<div class=\"brz-d-xs-flex brz-flex-xs-wrap brz-css-lfgcw brz-css-phgtp\">\n<div class=\"brz-wrapper-clone__item brz-css-kqzoc\" id=\"qkdnfkhtwxtavkuxwjokmckyssbbrznhprac\">\n<div class=\"brz-icon__container\" data-custom-id=\"qkdnfkhtwxtavkuxwjokmckyssbbrznhprac\"><span class=\"brz-span brz-icon css-1b3qrf\">     <\/span><\/div>\n<\/div>\n<\/div>\n<\/div>\n<div class=\"brz-css-ebtze brz-css-ovbwp brz-wrapper\">\n<div class=\"brz-rich-text brz-css-fntdf\" data-custom-id=\"sssjglxaelmqnjlahlyzgnpcawbraysjdtvf\">\n<h2 class=\"brz-tp-heading2\"><span class=\"brz-cp-color2\">Wir  k\u00fcmmern uns um folgende Aufgaben<\/span><\/h2>\n<\/div>\n<\/div>\n<div class=\"brz-css-ebtze brz-css-xoucm brz-wrapper\">\n<div class=\"brz-spacer brz-css-whcln brz-css-oyxeh\"><\/div>\n<\/div>\n<div class=\"brz-row__container brz-css-gjcuh\" data-custom-id=\"qwvpekhvkwofwprybtxuytmjlkmlsmghfdfk\">\n<div class=\"brz-row brz-css-foihb brz-css-fojss\">\n<div class=\"brz-columns brz-css-nbqor brz-css-moblh\" data-custom-id=\"tfbqujvkwxcdewcznfgldibkaiurodchcngw\">\n<div class=\"brz-column__items brz-css-kmoxf brz-css-agcde\">\n<div class=\"brz-row__container brz-css-gjcuh\" data-custom-id=\"hloukqhvsxwhnndizfquulgocgzrslcaztvw\">\n<div class=\"brz-row brz-row--inner brz-css-foihb brz-css-fojss\">\n<div class=\"brz-columns brz-css-nbqor brz-css-qiqbr\" data-custom-id=\"oznohcrcaioaaejwtkdabqbjggdelactlsfh\">\n<div class=\"brz-bg\">\n<div class=\"brz-bg-color\"><\/div>\n<\/div>\n<div class=\"brz-column__items brz-css-kmoxf brz-css-empnt\">\n<div class=\"brz-css-ebtze brz-wrapper\">\n<div class=\"brz-rich-text brz-css-fntdf\" data-custom-id=\"qrhqgruhmejheunucthrcxirdeztlvhfxueq\">\n<h5 class=\"brz-text-lg-center brz-tp-heading5\"><span>01<\/span><\/h5>\n<\/div>\n<\/div>\n<\/div>\n<\/div>\n<div class=\"brz-columns brz-css-nbqor brz-css-bmrdd\" data-custom-id=\"tcjmdefwourluvejvixpmcktphycqlgsdzrk\">\n<div class=\"brz-column__items brz-css-kmoxf\">\n<div class=\"brz-css-ebtze brz-css-xoucm brz-css-ssjsd brz-wrapper\">\n<div class=\"brz-spacer brz-css-whcln brz-css-ritkb\"><\/div>\n<\/div>\n<\/div>\n<\/div>\n<\/div>\n<\/div>\n<div class=\"brz-css-ebtze brz-css-xoucm brz-wrapper\">\n<div class=\"brz-spacer brz-css-whcln brz-css-xfvyd\"><\/div>\n<\/div>\n<div class=\"brz-css-ebtze brz-css-nszqm brz-wrapper\">\n<div class=\"brz-rich-text brz-css-fntdf\" data-custom-id=\"zrdyqqfofagzhpieeuskkxcoyddrnuzvurhi\">\n<h6 class=\"brz-tp-heading6\"><span class=\"brz-cp-color2\">Betreuung \u00fcber Fernwartung<\/span><\/h6>\n<\/div>\n<\/div>\n<div class=\"brz-css-ebtze brz-css-liybq brz-wrapper\">\n<div class=\"brz-rich-text brz-css-fntdf\" data-custom-id=\"ecvtiyoevmwofpeixoyvbyetxxhpetaczofj\">\n<p class=\"brz-tp-paragraph brz-mb-xs-20\"><span class=\"brz-cp-color7\">Wenn m\u00f6glich betreuen wir den Kunden via Telefon und der Software Teamviewer. Diese M\u00f6glichkeit kommt bei kleineren Fehlern zum Einsatz. <\/span><\/p>\n<\/div>\n<\/div>\n<\/div>\n<\/div>\n<div class=\"brz-columns brz-css-nbqor brz-css-ahmwo\" data-custom-id=\"sxinkcdjboksybbtucmmpucjvqzmlsdprzbz\">\n<div class=\"brz-column__items brz-css-kmoxf brz-css-zyrgq\">\n<div class=\"brz-row__container brz-css-gjcuh\" data-custom-id=\"cxkmplmhaeebehfarduihtpjagvpvcvxgmlo\">\n<div class=\"brz-row brz-row--inner brz-css-foihb brz-css-fojss\">\n<div class=\"brz-columns brz-css-nbqor brz-css-tgmtp\" data-custom-id=\"lunujcjfhdqhymhicpugvmgowqmffkglrhrz\">\n<div class=\"brz-bg\">\n<div class=\"brz-bg-color\"><\/div>\n<\/div>\n<div class=\"brz-column__items brz-css-kmoxf brz-css-oulcn\">\n<div class=\"brz-css-ebtze brz-wrapper\">\n<div class=\"brz-rich-text brz-css-fntdf\" data-custom-id=\"qiubysdqkhdignoppmddhabtyolwaxplsmcr\">\n<h5 class=\"brz-tp-heading5 brz-text-lg-center\"><span>02<\/span><\/h5>\n<\/div>\n<\/div>\n<\/div>\n<\/div>\n<div class=\"brz-columns brz-css-nbqor brz-css-lcojv\" data-custom-id=\"eljvywqrjkgehdyaeoojojwvfvmfjkuhqwks\">\n<div class=\"brz-column__items brz-css-kmoxf\">\n<div class=\"brz-css-ebtze brz-css-xoucm brz-css-suhjo brz-wrapper\">\n<div class=\"brz-spacer brz-css-whcln brz-css-zjpqj\"><\/div>\n<\/div>\n<\/div>\n<\/div>\n<\/div>\n<\/div>\n<div class=\"brz-css-ebtze brz-css-xoucm brz-wrapper\">\n<div class=\"brz-spacer brz-css-whcln brz-css-rkkdg\"><\/div>\n<\/div>\n<div class=\"brz-css-ebtze brz-css-jezdx brz-wrapper\">\n<div class=\"brz-rich-text brz-css-fntdf\" data-custom-id=\"mjuazvnmygbrtbqvspappdqvaaftpqanrokf\">\n<h6 class=\"brz-tp-heading6\"><span class=\"brz-cp-color2\">Hardware Reparaturen<\/span><\/h6>\n<\/div>\n<\/div>\n<div class=\"brz-css-ebtze brz-css-zudbl brz-wrapper\">\n<div class=\"brz-rich-text brz-css-fntdf\" data-custom-id=\"uxavaphfgivukagveyyzvhlgbilqsvatfawt\">\n<p class=\"brz-tp-paragraph brz-mb-xs-20\"><span class=\"brz-cp-color7\">Egal ob Prozessor, Grafikkarte oder Monitor. Wir k\u00fcmmern uns darum. Lerne wie eine korrekte Fehleranalyse durchgef\u00fchrt oder eine Festplatte getauscht wird.<\/span><\/p>\n<\/div>\n<\/div>\n<\/div>\n<\/div>\n<div class=\"brz-columns brz-css-nbqor brz-css-jyeok\" data-custom-id=\"tfjzrizcafahunapydcytihyhkrhtijqaaia\">\n<div class=\"brz-column__items brz-css-kmoxf brz-css-hipkh\">\n<div class=\"brz-row__container brz-css-gjcuh\" data-custom-id=\"wrmgmnivbeyjefcomarurpjnjzyrlcwesmin\">\n<div class=\"brz-row brz-row--inner brz-css-foihb brz-css-fojss\">\n<div class=\"brz-columns brz-css-nbqor brz-css-untag\" data-custom-id=\"rajjcgndfsfduvajsbqtxplvnxuljotxcsbw\">\n<div class=\"brz-bg\">\n<div class=\"brz-bg-color\"><\/div>\n<\/div>\n<div class=\"brz-column__items brz-css-kmoxf brz-css-bkcsh\">\n<div class=\"brz-css-ebtze brz-wrapper\">\n<div class=\"brz-rich-text brz-css-fntdf\" data-custom-id=\"qwmdcmbkgesgrmjtpblapoanybwzmtyiaxjc\">\n<h5 class=\"brz-text-lg-center brz-tp-heading5\"><span>03<\/span><\/h5>\n<\/div>\n<\/div>\n<\/div>\n<\/div>\n<div class=\"brz-columns brz-css-nbqor brz-css-calyn\" data-custom-id=\"pszvqwicxbvtyxxodgjuibjjdtgqqvvktcxx\">\n<div class=\"brz-column__items brz-css-kmoxf\">\n<div class=\"brz-css-ebtze brz-css-xoucm brz-css-vbnco brz-wrapper\">\n<div class=\"brz-spacer brz-css-whcln brz-css-oszab\"><\/div>\n<\/div>\n<\/div>\n<\/div>\n<\/div>\n<\/div>\n<div class=\"brz-css-ebtze brz-css-xoucm brz-wrapper\">\n<div class=\"brz-spacer brz-css-whcln brz-css-jtgcw\"><\/div>\n<\/div>\n<div class=\"brz-css-ebtze brz-css-mppne brz-wrapper\">\n<div class=\"brz-rich-text brz-css-fntdf\" data-custom-id=\"sfeqojjzcfezgreyzrzlswwmrpbbolinnlms\">\n<h6 class=\"brz-tp-heading6\"><span class=\"brz-cp-color2\">Software Fehlerbehebung<\/span><\/h6>\n<\/div>\n<\/div>\n<div class=\"brz-css-ebtze brz-css-ihlks brz-wrapper\">\n<div class=\"brz-rich-text brz-css-fntdf\" data-custom-id=\"lnjuqppmqclturuidouznvzwmbeihkjpgytc\">\n<p class=\"brz-mb-xs-20 brz-tp-paragraph\"><span class=\"brz-cp-color7\">Oftmals sind Probleme nur auf die Software zur\u00fcckzuf\u00fchren. Wir kontrollieren hier mit bestimmten Programmen Windows, bzw, MacOS auf seine Funktion. <\/span><\/p>\n<\/div>\n<\/div>\n<\/div>\n<\/div>\n<div class=\"brz-columns brz-css-nbqor brz-css-imgge\" data-custom-id=\"pmdgrgpyqdmtlvbpnbrfbogmaubdzwskbxck\">\n<div class=\"brz-column__items brz-css-kmoxf brz-css-rvmvs\">\n<div class=\"brz-row__container brz-css-gjcuh\" data-custom-id=\"shfpbojirauohgmymrjyeiiqkcdqbvybycyh\">\n<div class=\"brz-row brz-row--inner brz-css-foihb brz-css-fojss\">\n<div class=\"brz-columns brz-css-nbqor brz-css-bcsai\" data-custom-id=\"yxdkkiwlylajbcmgrtiofnivnyiwrshgrbna\">\n<div class=\"brz-bg\">\n<div class=\"brz-bg-color\"><\/div>\n<\/div>\n<div class=\"brz-column__items brz-css-kmoxf brz-css-tgdfk\">\n<div class=\"brz-css-ebtze brz-wrapper\">\n<div class=\"brz-rich-text brz-css-fntdf\" data-custom-id=\"nbmebuxlcxdtgffupyqqaodriqjonlmnehgu\">\n<h5 class=\"brz-tp-heading5 brz-text-lg-center\"><span>04<\/span><\/h5>\n<\/div>\n<\/div>\n<\/div>\n<\/div>\n<div class=\"brz-columns brz-css-nbqor brz-css-diezw\" data-custom-id=\"prsamxpwafxpzugkiazafnmwvwiqhtviwsnw\">\n<div class=\"brz-column__items brz-css-kmoxf\">\n<div class=\"brz-css-ebtze brz-css-xoucm brz-css-rpmfs brz-wrapper\">\n<div class=\"brz-spacer brz-css-whcln brz-css-epdjh\"><\/div>\n<\/div>\n<\/div>\n<\/div>\n<\/div>\n<\/div>\n<div class=\"brz-css-ebtze brz-css-xoucm brz-wrapper\">\n<div class=\"brz-spacer brz-css-whcln brz-css-fkzda\"><\/div>\n<\/div>\n<div class=\"brz-css-ebtze brz-css-qarri brz-wrapper\">\n<div class=\"brz-rich-text brz-css-fntdf\" data-custom-id=\"yfrqwqyoqbffvoiuepbdesgphjqsauklzald\">\n<h6 class=\"brz-tp-heading6\"><span class=\"brz-cp-color2\">Neuanschaffung und Beratung<\/span><\/h6>\n<\/div>\n<\/div>\n<div class=\"brz-css-ebtze brz-css-ovzuj brz-wrapper\">\n<div class=\"brz-rich-text brz-css-fntdf\" data-custom-id=\"conqbgbogayheoxuokbwvgmcmciivtyfvfhx\">\n<p class=\"brz-tp-paragraph brz-mb-xs-0\"><span class=\"brz-cp-color7\">Der Kunde will einen neuen PC, Tablet oder Drucker. Er ist genau richtig bei uns. Durch gezielte Gespr\u00e4che kann das richtige Ger\u00e4t bestellt werden.<\/span><\/p>\n<\/div>\n<\/div>\n<\/div>\n<\/div>\n<\/div>\n<\/div>\n<div class=\"brz-css-ebtze brz-css-xoucm brz-wrapper\">\n<div class=\"brz-spacer brz-css-whcln brz-css-xqjdi\"><\/div>\n<\/div>\n<div class=\"brz-wrapper-clone brz-css-ukepz brz-css-elghf\">\n<div class=\"brz-d-xs-flex brz-flex-xs-wrap brz-css-lfgcw brz-css-cgpru\">\n<div class=\"brz-wrapper-clone__item brz-css-kqzoc\" id=\"tpvffrkgcyzjqqsnymqttbezssaquvcvlfcm\"><a class=\"brz-a brz-btn brz-css-djbbf brz-css-bkgpq\" href=\"{@brizy_SITE_URL_PLACEHOLDER@}\" data-brz-link-type=\"external\" data-custom-id=\"tpvffrkgcyzjqqsnymqttbezssaquvcvlfcm\"><span class=\"brz-span brz-text__editor\">Startseite<\/span><\/a><\/div>\n<\/div>\n<\/div>\n<\/div>\n<\/div>\n<\/section>\n<\/div>\n<p><!-- version:1605553502 --><\/p>\n","protected":false},"excerpt":{"rendered":"<p>GL\u00dcCKLICHE KUNDEN Innendienst Modul Wir k\u00fcmmern uns um folgende Aufgaben 01 Betreuung \u00fcber Fernwartung Wenn m\u00f6glich betreuen wir den Kunden via Telefon und der Software Teamviewer. Diese M\u00f6glichkeit kommt bei kleineren Fehlern zum Einsatz. 02 Hardware Reparaturen Egal ob Prozessor, Grafikkarte oder Monitor. Wir k\u00fcmmern uns darum. Lerne wie eine korrekte Fehleranalyse durchgef\u00fchrt oder eine [&hellip;]<\/p>\n","protected":false},"author":1,"featured_media":0,"parent":0,"menu_order":0,"comment_status":"closed","ping_status":"closed","template":"brizy-blank-template.php","meta":{"footnotes":""},"class_list":["post-649","page","type-page","status-publish","hentry"],"_links":{"self":[{"href":"https:\/\/schnupperer.kufnet.at\/index.php\/wp-json\/wp\/v2\/pages\/649","targetHints":{"allow":["GET"]}}],"collection":[{"href":"https:\/\/schnupperer.kufnet.at\/index.php\/wp-json\/wp\/v2\/pages"}],"about":[{"href":"https:\/\/schnupperer.kufnet.at\/index.php\/wp-json\/wp\/v2\/types\/page"}],"author":[{"embeddable":true,"href":"https:\/\/schnupperer.kufnet.at\/index.php\/wp-json\/wp\/v2\/users\/1"}],"replies":[{"embeddable":true,"href":"https:\/\/schnupperer.kufnet.at\/index.php\/wp-json\/wp\/v2\/comments?post=649"}],"version-history":[{"count":14,"href":"https:\/\/schnupperer.kufnet.at\/index.php\/wp-json\/wp\/v2\/pages\/649\/revisions"}],"predecessor-version":[{"id":1219,"href":"https:\/\/schnupperer.kufnet.at\/index.php\/wp-json\/wp\/v2\/pages\/649\/revisions\/1219"}],"wp:attachment":[{"href":"https:\/\/schnupperer.kufnet.at\/index.php\/wp-json\/wp\/v2\/media?parent=649"}],"curies":[{"name":"wp","href":"https:\/\/api.w.org\/{rel}","templated":true}]}}