{"id":653,"date":"2020-11-05T12:49:40","date_gmt":"2020-11-05T12:49:40","guid":{"rendered":"https:\/\/schnupperer.kufnet.at\/?page_id=653"},"modified":"2025-05-13T06:14:47","modified_gmt":"2025-05-13T06:14:47","slug":"aufgaben","status":"publish","type":"page","link":"https:\/\/schnupperer.kufnet.at\/index.php\/aufgaben\/","title":{"rendered":"Aufgaben"},"content":{"rendered":"<div class=\"brz-root__container brz-reset-all\">\n<section data-uid=\"huwdwhubpghwdnmajutoijotjllbmdwuwbxf\" id=\"huwdwhubpghwdnmajutoijotjllbmdwuwbxf\" class=\"brz-section brz-css-kwnqx\">\n<div class=\"brz-section__content brz-section--boxed brz-css-eumjh brz-css-dvpxf\" data-custom-id=\"aeuvsepicwdayrqnggbdfmvtiqmpdevkpceq\">\n<div class=\"brz-bg\">\n<div class=\"brz-bg-image\"><\/div>\n<div class=\"brz-bg-color\"><\/div>\n<\/div>\n<div class=\"brz-container brz-css-stzkn\">\n<div class=\"brz-css-krmrj brz-wrapper\">\n<div class=\"brz-rich-text brz-css-zlpkf\" data-custom-id=\"mfnidugcafpxlbgsvqtoegigdbhqgmjcwnwc\">\n<p class=\"brz-tp-abovetitle brz-text-lg-center\"><span class=\"brz-cp-color7\" style=\"opacity: 0.6\"> <\/span><\/p>\n<\/div>\n<\/div>\n<div class=\"brz-css-krmrj brz-css-hwckh brz-css-hczrn brz-wrapper\">\n<div class=\"brz-spacer brz-css-fcbny brz-css-lzmvx\"><\/div>\n<\/div>\n<div class=\"brz-css-krmrj brz-css-qoiei brz-wrapper\">\n<div class=\"brz-rich-text brz-css-zlpkf\" data-custom-id=\"lrmatynrnrkebtkrdvrcvymgnsssngvmueaa\">\n<h1 class=\"brz-text-lg-center brz-lh-lg-1_3 brz-lh-sm-im-1_2 brz-lh-xs-im-1_3 brz-ls-lg-m_1_5 brz-ls-sm-im-m_1 brz-ls-xs-im-m_1 brz-ff-red_hat_text brz-ft-google brz-fw-lg-700 brz-fw-sm-im-700 brz-fw-xs-im-700 brz-fs-lg-45 brz-fs-sm-im-37 brz-fs-xs-im-35\"><span style=\"opacity: 1\"> IT- Aufgaben<\/span><\/h1>\n<\/div>\n<\/div>\n<div class=\"brz-css-krmrj brz-wrapper\">\n<div class=\"brz-rich-text brz-css-zlpkf\" data-custom-id=\"zwbnjirtlveikluxesyinfpuqfanhxtmledr\">\n<p class=\"brz-fw-xs-im-400 brz-fw-sm-im-400 brz-fw-lg-400 brz-ft-google brz-ff-overpass brz-ls-xs-im-0 brz-ls-sm-im-0 brz-ls-lg-0 brz-lh-xs-im-1_6 brz-lh-sm-im-1_6 brz-lh-lg-1_9 brz-text-lg-center brz-fs-lg-18 brz-fs-sm-im-17 brz-fs-xs-im-17\"><span>WISSEN     LERNEN     ERFAHRUNG<\/span><\/p>\n<\/div>\n<\/div>\n<\/div>\n<\/div>\n<\/section>\n<section data-uid=\"acjurkxyjktlziybrrpakyakhcovvrvzsozy\" id=\"acjurkxyjktlziybrrpakyakhcovvrvzsozy\" class=\"brz-section brz-css-kwnqx\">\n<div class=\"brz-section__content brz-section--boxed brz-css-eumjh brz-css-uvcyq\" data-custom-id=\"ebmylifkboftmyqzmqqhmpltvnqhlczsgudf\">\n<div class=\"brz-container brz-css-stzkn\">\n<div class=\"brz-row__container brz-css-vxdxt brz-css-ceejk\" data-custom-id=\"cxzieloitgvmvlxfrpgufgqbfwfetjvwuijf\">\n<div class=\"brz-row brz-css-puihl brz-css-hcszb\">\n<div class=\"brz-columns brz-css-bncok brz-css-kvpnd\" data-custom-id=\"pzzwimknjihsgnmreyuxolagfqlhrwuppxqs\">\n<div class=\"brz-column__items brz-css-szern brz-css-ohtgr\">\n<div class=\"brz-css-krmrj brz-wrapper\">\n<div class=\"brz-rich-text brz-css-zlpkf\" data-custom-id=\"zgmnsbyikomajvgmlhlcjtnwzjxjkgafkxsl\">\n<p class=\"brz-fs-xs-im-16 brz-fs-sm-im-16 brz-fs-lg-16 brz-fw-xs-im-700 brz-fw-sm-im-700 brz-fw-lg-700 brz-ft-google brz-ff-overpass brz-ls-xs-im-1 brz-ls-sm-im-1 brz-ls-lg-1_1 brz-lh-xs-im-1_5 brz-lh-sm-im-1_5 brz-lh-lg-1_5 brz-text-lg-justify\">Herzlich Willkommen im Aufgabenbereich<\/p>\n<\/div>\n<\/div>\n<div class=\"brz-css-krmrj brz-css-hwckh brz-wrapper\">\n<div class=\"brz-spacer brz-css-fcbny brz-css-btugh\"><\/div>\n<\/div>\n<div class=\"brz-css-krmrj brz-wrapper\">\n<div class=\"brz-rich-text brz-css-zlpkf\" data-custom-id=\"gxrewfvaskqexiluwmfupldzspijvaeeukci\">\n<p class=\"brz-lh-lg-1_8 brz-lh-sm-im-1_5 brz-lh-xs-im-1_5 brz-ls-lg-0 brz-ls-sm-im-0 brz-ls-xs-im-0 brz-ff-overpass brz-ft-google brz-fw-lg-400 brz-fw-sm-im-400 brz-fw-xs-im-400 brz-fs-lg-27 brz-fs-sm-im-27 brz-fs-xs-im-26\"><strong>Aufgabenstellung 1<\/strong><\/p>\n<\/div>\n<\/div>\n<div class=\"brz-css-krmrj brz-wrapper\">\n<div class=\"brz-rich-text brz-css-zlpkf\" data-custom-id=\"yztbzxkmwxkfmijbpekisgbsnksbhqyoxwpw\">\n<p class=\"brz-text-lg-justify brz-tp-paragraph\"><span>Die erste Aufgabenstellung befasst sich mit Word. <\/span><\/p>\n<p class=\"brz-text-lg-justify brz-tp-paragraph\"><span>Diese bitte selbstst\u00e4ndig erarbeiten. <\/span><\/p>\n<\/div>\n<\/div>\n<div class=\"brz-wrapper-clone brz-css-mmupb\">\n<div class=\"brz-d-xs-flex brz-flex-xs-wrap brz-css-wcmcj brz-css-xrbzv\">\n<div class=\"brz-wrapper-clone__item brz-css-duhbk\" id=\"kadnkruqgjzwrdxplyjuztpfmvluqksslcck\"><a class=\"brz-a brz-btn brz-css-sqtif brz-css-xwtnb\" href=\"{@brizy_SITE_URL_PLACEHOLDER@}\/wp-content\/uploads\/2020\/11\/WordAusarbeitungAufgabenstellung.pdf\" target=\"_blank\" data-brz-link-type=\"external\" data-custom-id=\"kadnkruqgjzwrdxplyjuztpfmvluqksslcck\"><span class=\"brz-span brz-text__editor\">Download<\/span><\/a><\/div>\n<\/div>\n<\/div>\n<div class=\"brz-wrapper-clone brz-css-mmupb\">\n<div class=\"brz-d-xs-flex brz-flex-xs-wrap brz-css-wcmcj brz-css-iclfq\">\n<div class=\"brz-wrapper-clone__item brz-css-duhbk\" id=\"ffazouwgfaebyvpozbmprbnsvdjqfzgmyqfh\"><a class=\"brz-a brz-btn brz-css-sqtif brz-css-vxfkm\" href=\"{@brizy_SITE_URL_PLACEHOLDER@}\/wp-content\/uploads\/2020\/11\/03_Reisen-1.jpg \" target=\"_blank\" data-brz-link-type=\"external\" data-custom-id=\"ffazouwgfaebyvpozbmprbnsvdjqfzgmyqfh\"><span class=\"brz-span brz-text__editor\">Download Zusatzdatei<\/span><\/a><\/div>\n<\/div>\n<\/div>\n<div class=\"brz-css-krmrj brz-css-hwckh brz-wrapper\">\n<div class=\"brz-spacer brz-css-fcbny brz-css-njvel\"><\/div>\n<\/div>\n<\/div>\n<\/div>\n<div class=\"brz-columns brz-css-bncok brz-css-wgexw\" data-custom-id=\"mpyihptyefseglvlcjaspvztekojmwyicpmk\">\n<div class=\"brz-column__items brz-css-szern brz-css-lzqsq\">\n<div class=\"brz-css-krmrj brz-css-fxzra brz-wrapper\">\n<div class=\"brz-image brz-css-zxhnr brz-css-kdwlf\"><img decoding=\"async\" class=\"brz-img brz-p-absolute\" src=\"{@brizy_SITE_URL_PLACEHOLDER@}\/?brizy_media=wp-8ff5168c65d3730a9e8e8f81a3f135c0.jpg&amp;brizy_crop=iW%3D677%26iH%3D451%26oX%3D61%26oY%3D0%26cW%3D555%26cH%3D451&amp;brizy_post=653\" alt=\"{{ brizy_dc_image_alt uid='wp-8ff5168c65d3730a9e8e8f81a3f135c0.jpg' }}\" loading=\"lazy\"><\/div>\n<\/div>\n<\/div>\n<\/div>\n<\/div>\n<\/div>\n<div class=\"brz-css-krmrj brz-wrapper\">\n<div class=\"brz-line brz-css-ebcxw brz-css-svivs\" data-custom-id=\"rhuecvtdvkhuylnhgffyjyksjhzgfufcinim\">\n<hr class=\"brz-hr\"><\/div>\n<\/div>\n<\/div>\n<\/div>\n<\/section>\n<section data-uid=\"wkxqaqdmejffvelybfpsmennxtabybtvblfn\" id=\"wkxqaqdmejffvelybfpsmennxtabybtvblfn\" class=\"brz-section brz-css-kwnqx\">\n<div class=\"brz-section__content brz-section--boxed brz-css-eumjh brz-css-bblnl\" data-custom-id=\"cbchdftlamznrpeyocetqjxbohhqmkdnuhvk\">\n<div class=\"brz-container brz-css-stzkn\">\n<div class=\"brz-row__container brz-css-vxdxt brz-css-qkhjc\" data-custom-id=\"eypdlaixvizdwtdehasqwqkmcdpuaqasttip\">\n<div class=\"brz-row brz-css-puihl brz-css-hcszb\">\n<div class=\"brz-columns brz-css-bncok brz-css-jegni\" data-custom-id=\"rbpwnhgyfjotvdxvxwidubejexibideuxfpz\">\n<div class=\"brz-column__items brz-css-szern brz-css-hlmiw\">\n<div class=\"brz-css-krmrj brz-css-ucvub brz-wrapper\">\n<div class=\"brz-rich-text brz-css-zlpkf\" data-custom-id=\"enbnslapswzutfrgeyzfburfnsvibzgmgros\">\n<h2 class=\"brz-text-lg-left brz-tp-heading2\"><span class=\"brz-cp-color2\">Aufgabenstellung 2<\/span><\/h2>\n<\/div>\n<\/div>\n<div class=\"brz-css-krmrj brz-wrapper\">\n<div class=\"brz-rich-text brz-css-zlpkf\" data-custom-id=\"ctccznwsfjcupjlizbqfjdguxoyjkqiaukil\">\n<p class=\"brz-tp-paragraph brz-text-lg-left\"><span>Die n\u00e4chste Aufgabenstellung befasst sich mit Excel &#8211; dem Kalkulationstool von Microsoft.<\/span><\/p>\n<\/div>\n<\/div>\n<div class=\"brz-wrapper-clone brz-css-mmupb\">\n<div class=\"brz-d-xs-flex brz-flex-xs-wrap brz-css-wcmcj brz-css-ebfdj\">\n<div class=\"brz-wrapper-clone__item brz-css-duhbk\" id=\"vpkgcewktpanpwweoujenzluqvszrmjxaxex\"><a class=\"brz-a brz-btn brz-css-sqtif brz-css-owzsw\" href target=\"_blank\" data-brz-link-type=\"external\" data-custom-id=\"vpkgcewktpanpwweoujenzluqvszrmjxaxex\"><span class=\"brz-span brz-text__editor\">Download<\/span><\/a><\/div>\n<\/div>\n<\/div>\n<div class=\"brz-wrapper-clone brz-css-mmupb\">\n<div class=\"brz-d-xs-flex brz-flex-xs-wrap brz-css-wcmcj brz-css-auekd\">\n<div class=\"brz-wrapper-clone__item brz-css-duhbk\" id=\"siuebennbepxmkiaavubitjeavzowhectgwi\"><a class=\"brz-a brz-btn brz-css-sqtif brz-css-ewrde\" href target=\"_blank\" data-brz-link-type=\"external\" data-custom-id=\"siuebennbepxmkiaavubitjeavzowhectgwi\"><span class=\"brz-span brz-text__editor\">Download Zusatzdateien<\/span><\/a><\/div>\n<\/div>\n<\/div>\n<div class=\"brz-css-krmrj brz-css-hwckh brz-wrapper\">\n<div class=\"brz-spacer brz-css-fcbny brz-css-rtosc\"><\/div>\n<\/div>\n<\/div>\n<\/div>\n<div class=\"brz-columns brz-css-bncok brz-css-cllfs\" data-custom-id=\"jxxudzuilhomcwacwzppkffqozcmbzhbtgxq\">\n<div class=\"brz-column__items brz-css-szern brz-css-psjhz\">\n<div class=\"brz-css-krmrj brz-css-lynjb brz-wrapper\">\n<div class=\"brz-image brz-css-hkfkc brz-css-omrux\"><img decoding=\"async\" class=\"brz-img brz-p-absolute\" src=\"{@brizy_SITE_URL_PLACEHOLDER@}\/?brizy_media=wp-e60675113f3ea1cb90804550e48e6fca.jpg&amp;brizy_crop=iW%3D694%26iH%3D452%26oX%3D62%26oY%3D0%26cW%3D555%26cH%3D452&amp;brizy_post=653\" alt=\"{{ brizy_dc_image_alt uid='wp-e60675113f3ea1cb90804550e48e6fca.jpg' }}\" loading=\"lazy\"><\/div>\n<\/div>\n<\/div>\n<\/div>\n<\/div>\n<\/div>\n<div class=\"brz-css-krmrj brz-wrapper\">\n<div class=\"brz-line brz-css-ebcxw brz-css-ilhys\" data-custom-id=\"dbbwerjprndwquhcgivryvtrpnrqldmhbvfj\">\n<hr class=\"brz-hr\"><\/div>\n<\/div>\n<\/div>\n<\/div>\n<\/section>\n<section data-uid=\"thdzvfcuirhxyxpeqjjffbioqxyiqhlmdnut\" id=\"thdzvfcuirhxyxpeqjjffbioqxyiqhlmdnut\" class=\"brz-section brz-css-kwnqx\">\n<div class=\"brz-section__content brz-section--boxed brz-css-eumjh brz-css-uljoj\" data-custom-id=\"hnkmmexkcgvgdhqcypojslgtftdkzvdhjlao\">\n<div class=\"brz-container brz-css-stzkn\">\n<div class=\"brz-row__container brz-css-vxdxt brz-css-hbxli\" data-custom-id=\"prkcgzqbtupzsxdlxzwtdoihjqkvdtzntlfm\">\n<div class=\"brz-row brz-css-puihl brz-css-hcszb\">\n<div class=\"brz-columns brz-css-bncok brz-css-zahqm\" data-custom-id=\"fiscxexmyismvpjnhonhkglyywzlltydbnpl\">\n<div class=\"brz-column__items brz-css-szern brz-css-omdza\">\n<div class=\"brz-css-krmrj brz-wrapper\">\n<div class=\"brz-rich-text brz-css-zlpkf\" data-custom-id=\"qjcffwgzshfzuhzjnbnykancuiiinkmbawhw\">\n<p class=\"brz-text-lg-left brz-tp-heading2\"><span style=\"opacity: 0.8\">Aufgabenstellung 3 <\/span><\/p>\n<\/div>\n<\/div>\n<div class=\"brz-css-krmrj brz-css-irjhw brz-wrapper\">\n<div class=\"brz-rich-text brz-css-zlpkf\" data-custom-id=\"ysquldsucfmpqxtlrmjntgkxjcaxifmqerys\">\n<h2 class=\"brz-tp-paragraph brz-text-lg-left\"><span class=\"brz-cp-color2\">Diverse EDV Quiz &#8211; je nach Zeitplan selbstst\u00e4ndig durcharbeiten. Ergebnis mittels Screenshot auf Abgabeseite hochladen.<\/span><\/h2>\n<\/div>\n<\/div>\n<div class=\"brz-wrapper-clone brz-css-mmupb\">\n<div class=\"brz-d-xs-flex brz-flex-xs-wrap brz-css-wcmcj brz-css-grswb\">\n<div class=\"brz-wrapper-clone__item brz-css-duhbk\" id=\"wnflmgqlfofdjtbipgakrpwvdllbmcajdxry\"><a class=\"brz-a brz-btn brz-css-sqtif brz-css-wpugg\" href=\"https:\/\/www.easy4me.info\/downloads\/workfiles\/og\/quiz\/og_quizz01.htm\" target=\"_blank\" data-brz-link-type=\"external\" data-custom-id=\"wnflmgqlfofdjtbipgakrpwvdllbmcajdxry\"><span class=\"brz-span brz-text__editor\">Grundlagen 1<\/span><\/a><\/div>\n<\/div>\n<\/div>\n<div class=\"brz-wrapper-clone brz-css-mmupb\">\n<div class=\"brz-d-xs-flex brz-flex-xs-wrap brz-css-wcmcj brz-css-ekejf\">\n<div class=\"brz-wrapper-clone__item brz-css-duhbk\" id=\"yavfhvueqjotlsfreqdimbtcqkxajbszxlmo\"><a class=\"brz-a brz-btn brz-css-sqtif brz-css-zirgu\" href=\"https:\/\/www.easy4me.info\/downloads\/workfiles\/og\/quiz\/og_quizz02.htm\" target=\"_blank\" data-brz-link-type=\"external\" data-custom-id=\"yavfhvueqjotlsfreqdimbtcqkxajbszxlmo\"><span class=\"brz-span brz-text__editor\">Grundlagen 2<\/span><\/a><\/div>\n<\/div>\n<\/div>\n<div class=\"brz-wrapper-clone brz-css-mmupb\">\n<div class=\"brz-d-xs-flex brz-flex-xs-wrap brz-css-wcmcj brz-css-egymu\">\n<div class=\"brz-wrapper-clone__item brz-css-duhbk\" id=\"qdoklvmuivpmnafiaptulphnlpuvsrgbwant\"><a class=\"brz-a brz-btn brz-css-sqtif brz-css-sfxmq\" href=\"https:\/\/www.easy4me.info\/downloads\/workfiles\/og\/quiz\/og_quizz03.htm\" target=\"_blank\" data-brz-link-type=\"external\" data-custom-id=\"qdoklvmuivpmnafiaptulphnlpuvsrgbwant\"><span class=\"brz-span brz-text__editor\">Grundlagen 3<\/span><\/a><\/div>\n<\/div>\n<\/div>\n<div class=\"brz-wrapper-clone brz-css-mmupb\">\n<div class=\"brz-d-xs-flex brz-flex-xs-wrap brz-css-wcmcj brz-css-dvsgl\">\n<div class=\"brz-wrapper-clone__item brz-css-duhbk\" id=\"ggubxfnwscqjpnmfnmaxyhdschigiqcsiijt\"><a class=\"brz-a brz-btn brz-css-sqtif brz-css-fjfmw\" href=\"https:\/\/www.easy4me.info\/downloads\/workfiles\/cg\/quiz\/cg-1.htm\" target=\"_blank\" data-brz-link-type=\"external\" data-custom-id=\"ggubxfnwscqjpnmfnmaxyhdschigiqcsiijt\"><span class=\"brz-span brz-text__editor\">\u00a0 \u00a0 \u00a0 \u00a0 \u00a0Hardware\u00a0 \u00a0 \u00a0 \u00a0\u00a0<\/span><\/a><\/div>\n<\/div>\n<\/div>\n<div class=\"brz-wrapper-clone brz-css-mmupb\">\n<div class=\"brz-d-xs-flex brz-flex-xs-wrap brz-css-wcmcj brz-css-qygqm\">\n<div class=\"brz-wrapper-clone__item brz-css-duhbk\" id=\"qajprvetythsrmcfqtskaeheeihiymidmqvb\"><a class=\"brz-a brz-btn brz-css-sqtif brz-css-meqhn\" href=\"https:\/\/www.easy4me.info\/downloads\/workfiles\/cg\/quiz\/cg-2.htm\" target=\"_blank\" data-brz-link-type=\"external\" data-custom-id=\"qajprvetythsrmcfqtskaeheeihiymidmqvb\"><span class=\"brz-span brz-text__editor\">\u00a0 \u00a0 \u00a0 \u00a0 \u00a0 Software\u00a0 \u00a0 \u00a0 \u00a0\u00a0<\/span><\/a><\/div>\n<\/div>\n<\/div>\n<div class=\"brz-wrapper-clone brz-css-mmupb\">\n<div class=\"brz-d-xs-flex brz-flex-xs-wrap brz-css-wcmcj brz-css-efnvb\">\n<div class=\"brz-wrapper-clone__item brz-css-duhbk\" id=\"imfpzggbsknxbxhtvareoftpzzadtunqzkod\"><a class=\"brz-a brz-btn brz-css-sqtif brz-css-dsfgx\" href=\"https:\/\/www.easy4me.info\/downloads\/workfiles\/cg\/quiz\/cg-6.htm\" target=\"_blank\" data-brz-link-type=\"external\" data-custom-id=\"imfpzggbsknxbxhtvareoftpzzadtunqzkod\"><span class=\"brz-span brz-text__editor\">\u00a0Dateimanagement<\/span><\/a><\/div>\n<\/div>\n<\/div>\n<div class=\"brz-css-krmrj brz-wrapper\">\n<div class=\"brz-rich-text brz-css-zlpkf\" data-custom-id=\"ajlskkhjqksinqcletnarmmkytuengizsfny\">\n<p class=\"brz-text-lg-left brz-tp-paragraph\"><span>Link f\u00fcr CodeMonkey Anmeldung, Level bitte mit Ausbilder absprechen<\/span><span> &#8211; <\/span><a href=\"https:\/\/www.codemonkey.com\/\" class=\"link--external\" data-brz-link-type=\"external\">https:\/\/www.codemonkey.com\/<\/a><\/p>\n<\/div>\n<\/div>\n<div class=\"brz-css-krmrj brz-css-hwckh brz-wrapper\">\n<div class=\"brz-spacer brz-css-fcbny brz-css-gqabr\"><\/div>\n<\/div>\n<\/div>\n<\/div>\n<div class=\"brz-columns brz-css-bncok brz-css-bnygg\" data-custom-id=\"gqbhnkxjqrxkgrdiqequoryuhgtizclxnhvj\">\n<div class=\"brz-column__items brz-css-szern brz-css-ieiia\">\n<div class=\"brz-css-krmrj brz-css-zwvag brz-wrapper\">\n<div class=\"brz-image brz-css-nioer brz-css-cbwbl\"><img decoding=\"async\" class=\"brz-img brz-p-absolute\" src=\"{@brizy_SITE_URL_PLACEHOLDER@}\/?brizy_media=wp-b323fe00a04d56e5b464e7a4b124c9d7.jpg&amp;brizy_crop=iW%3D716%26iH%3D451%26oX%3D52%26oY%3D0%26cW%3D555%26cH%3D451&amp;brizy_post=653\" alt=\"{{ brizy_dc_image_alt uid='wp-b323fe00a04d56e5b464e7a4b124c9d7.jpg' }}\" loading=\"lazy\"><\/div>\n<\/div>\n<\/div>\n<\/div>\n<\/div>\n<\/div>\n<div class=\"brz-css-krmrj brz-wrapper\">\n<div class=\"brz-line brz-css-ebcxw brz-css-calee\" data-custom-id=\"xxkrbtfxitpyhmpfemthwykcjoyzyrnbtxjz\">\n<hr class=\"brz-hr\"><\/div>\n<\/div>\n<\/div>\n<\/div>\n<\/section>\n<section data-uid=\"zzdvfxxbpppcpvpqqpfftingyqquvvqehdzk\" id=\"zzdvfxxbpppcpvpqqpfftingyqquvvqehdzk\" class=\"brz-section brz-css-kwnqx\">\n<div class=\"brz-section__content brz-section--fullWidth brz-css-eumjh brz-css-mzpaw\" data-custom-id=\"rxgnbycipepglclkofnlyvyetzrzxfkfabxd\">\n<div class=\"brz-container brz-css-stzkn brz-css-vqlqy\">\n<div class=\"brz-row__container brz-css-vxdxt\" data-custom-id=\"gmwpwkdyspuomtocehvkrjwdmifppjekehuk\">\n<div class=\"brz-row brz-css-puihl brz-css-hcszb\">\n<div class=\"brz-columns brz-css-bncok brz-css-gbqox\" data-custom-id=\"qwfibffjulklzggsaeghfqxobrzszlmepdsl\">\n<div class=\"brz-column__items brz-css-szern brz-css-hjlor\">\n<div class=\"brz-css-krmrj brz-css-dycnp brz-wrapper\">\n<div class=\"brz-image brz-css-fxnso\"><img decoding=\"async\" class=\"brz-img brz-p-absolute\" src=\"{@brizy_SITE_URL_PLACEHOLDER@}\/?brizy_media=wp-9b6c3fda23def54da6207439f93bba91.jpg&amp;brizy_crop=iW%3D1578%26iH%3D673%26oX%3D359%26oY%3D0%26cW%3D797%26cH%3D673&amp;brizy_post=653\" alt=\"{{ brizy_dc_image_alt uid='wp-9b6c3fda23def54da6207439f93bba91.jpg' }}\" loading=\"lazy\"><\/div>\n<\/div>\n<\/div>\n<\/div>\n<div class=\"brz-columns brz-css-bncok brz-css-ijlsp\" data-custom-id=\"kbnictmagasvfzxzvkanwuqzwpgzindkwllk\">\n<div class=\"brz-column__items brz-css-szern brz-css-wvnym\">\n<div class=\"brz-css-krmrj brz-wrapper\">\n<div class=\"brz-rich-text brz-css-zlpkf\" data-custom-id=\"kuhmqcppiekhfkivnzrhewgxmpjylbvivhfe\">\n<h3 class=\"brz-tp-heading2\"><span class=\"brz-cp-color2\">Power Point \u00dcbung<\/span><\/h3>\n<\/div>\n<\/div>\n<div class=\"brz-css-krmrj brz-css-hwckh brz-css-zvghg brz-wrapper\">\n<div class=\"brz-spacer brz-css-fcbny brz-css-eprhm\"><\/div>\n<\/div>\n<div class=\"brz-css-krmrj brz-wrapper\">\n<div class=\"brz-rich-text brz-css-zlpkf\" data-custom-id=\"opuaglwqctuhambfiyfuvofgslzxsmtrkhri\">\n<p class=\"brz-tp-paragraph\"><span class=\"brz-cp-color7\">Dieses Tool kennst du bereits sicher aus deiner Schule &#8211; vielf\u00e4ltige M\u00f6glichkeiten zur idealen Pr\u00e4sentation.<\/span><\/p>\n<\/div>\n<\/div>\n<div class=\"brz-css-krmrj brz-css-hwckh brz-css-zchgy brz-wrapper\">\n<div class=\"brz-spacer brz-css-fcbny brz-css-jrexk\"><\/div>\n<\/div>\n<div class=\"brz-wrapper-clone brz-css-mmupb\">\n<div class=\"brz-d-xs-flex brz-flex-xs-wrap brz-css-wcmcj brz-css-xxjix\">\n<div class=\"brz-wrapper-clone__item brz-css-duhbk brz-css-fhrzb\" id=\"cktfzihwpysocsaijyoqsabdltzuryayyzqi\"><a class=\"brz-a brz-btn brz-css-sqtif brz-css-rpjku\" href data-brz-link-type=\"external\" data-custom-id=\"cktfzihwpysocsaijyoqsabdltzuryayyzqi\"><span class=\"brz-span brz-text__editor\">Download\u00a0<\/span><\/a><\/div>\n<div class=\"brz-wrapper-clone__item brz-css-duhbk brz-css-fhrzb\" id=\"imyzuddoidanmzbdwshirbclolhyvrqcylfz\"><a class=\"brz-a brz-btn brz-css-sqtif brz-css-tajjt\" href data-brz-link-type=\"external\" data-custom-id=\"imyzuddoidanmzbdwshirbclolhyvrqcylfz\"><span class=\"brz-span brz-text__editor\">Zusatzdateien<\/span><\/a><\/div>\n<\/div>\n<\/div>\n<\/div>\n<\/div>\n<\/div>\n<\/div>\n<\/div>\n<\/div>\n<\/section>\n<\/div>\n<p><!-- version:1605541211 --><\/p>\n","protected":false},"excerpt":{"rendered":"<p>IT- Aufgaben WISSEN LERNEN ERFAHRUNG Herzlich Willkommen im Aufgabenbereich Aufgabenstellung 1 Die erste Aufgabenstellung befasst sich mit Word. Diese bitte selbstst\u00e4ndig erarbeiten. Download Download Zusatzdatei Aufgabenstellung 2 Die n\u00e4chste Aufgabenstellung befasst sich mit Excel &#8211; dem Kalkulationstool von Microsoft. Download Download Zusatzdateien Aufgabenstellung 3 Diverse EDV Quiz &#8211; je nach Zeitplan selbstst\u00e4ndig durcharbeiten. Ergebnis mittels [&hellip;]<\/p>\n","protected":false},"author":1,"featured_media":0,"parent":0,"menu_order":0,"comment_status":"closed","ping_status":"closed","template":"brizy-blank-template.php","meta":{"footnotes":""},"class_list":["post-653","page","type-page","status-publish","hentry"],"_links":{"self":[{"href":"https:\/\/schnupperer.kufnet.at\/index.php\/wp-json\/wp\/v2\/pages\/653","targetHints":{"allow":["GET"]}}],"collection":[{"href":"https:\/\/schnupperer.kufnet.at\/index.php\/wp-json\/wp\/v2\/pages"}],"about":[{"href":"https:\/\/schnupperer.kufnet.at\/index.php\/wp-json\/wp\/v2\/types\/page"}],"author":[{"embeddable":true,"href":"https:\/\/schnupperer.kufnet.at\/index.php\/wp-json\/wp\/v2\/users\/1"}],"replies":[{"embeddable":true,"href":"https:\/\/schnupperer.kufnet.at\/index.php\/wp-json\/wp\/v2\/comments?post=653"}],"version-history":[{"count":56,"href":"https:\/\/schnupperer.kufnet.at\/index.php\/wp-json\/wp\/v2\/pages\/653\/revisions"}],"predecessor-version":[{"id":1568,"href":"https:\/\/schnupperer.kufnet.at\/index.php\/wp-json\/wp\/v2\/pages\/653\/revisions\/1568"}],"wp:attachment":[{"href":"https:\/\/schnupperer.kufnet.at\/index.php\/wp-json\/wp\/v2\/media?parent=653"}],"curies":[{"name":"wp","href":"https:\/\/api.w.org\/{rel}","templated":true}]}}